{"id":491,"date":"2021-07-11T10:23:24","date_gmt":"2021-07-11T10:23:24","guid":{"rendered":"http:\/\/anima-libera.de\/?page_id=491"},"modified":"2025-09-15T13:32:05","modified_gmt":"2025-09-15T13:32:05","slug":"aktuelles","status":"publish","type":"page","link":"http:\/\/www.hypnotherapie-heilkunde.de\/?page_id=491","title":{"rendered":"Aktuelles"},"content":{"rendered":"\n<p><strong>NEUE PRAXISR\u00c4UMLICHKEITEN<\/strong>   am Schillerplatz 3 in 73033 G\u00f6ppingen <\/p>\n\n\n\n<p>Hausbesuche auf Anfrage m\u00f6glich.<\/p>\n\n\n\n<p><strong>Urlaub<\/strong>: Herbsturlaub vom 28.10.25 &#8211; 31.10.25<\/p>\n\n\n\n<p><strong>Terminabsagen<\/strong>: Ich m\u00f6chte Sie bitten, dass eine Absage, nur in dringenden F\u00e4llen, sp\u00e4testens jedoch 24 Std. vor dem Termin erfolgen sollte ! ( Bei Nichterscheinen \/ Absage des Termines berechne ich eine Ausfallgeb\u00fchr von 50% des Stundensatzes )<\/p>\n\n\n\n<p><strong>Bezahlung:<\/strong> Kartenzahlung und Barzahlung.<br>Bezifferte Rechnung nach Geb\u00fcH f\u00fcr Heilpraktiker m\u00f6glich.<\/p>\n","protected":false},"excerpt":{"rendered":"<p>NEUE PRAXISR\u00c4UMLICHKEITEN am Schillerplatz 3 in 73033 G\u00f6ppingen Hausbesuche auf Anfrage m\u00f6glich. Urlaub: Herbsturlaub vom 28.10.25 &#8211; 31.10.25 Terminabsagen: Ich m\u00f6chte Sie bitten, dass eine Absage, nur in dringenden F\u00e4llen, sp\u00e4testens jedoch 24 Std. vor dem Termin erfolgen sollte ! ( Bei Nichterscheinen \/ Absage des Termines berechne ich eine Ausfallgeb\u00fchr von 50% des Stundensatzes&hellip;<\/p>\n","protected":false},"author":3,"featured_media":0,"parent":0,"menu_order":0,"comment_status":"closed","ping_status":"closed","template":"","meta":{"footnotes":""},"class_list":["post-491","page","type-page","status-publish","hentry"],"_links":{"self":[{"href":"http:\/\/www.hypnotherapie-heilkunde.de\/index.php?rest_route=\/wp\/v2\/pages\/491","targetHints":{"allow":["GET"]}}],"collection":[{"href":"http:\/\/www.hypnotherapie-heilkunde.de\/index.php?rest_route=\/wp\/v2\/pages"}],"about":[{"href":"http:\/\/www.hypnotherapie-heilkunde.de\/index.php?rest_route=\/wp\/v2\/types\/page"}],"author":[{"embeddable":true,"href":"http:\/\/www.hypnotherapie-heilkunde.de\/index.php?rest_route=\/wp\/v2\/users\/3"}],"replies":[{"embeddable":true,"href":"http:\/\/www.hypnotherapie-heilkunde.de\/index.php?rest_route=%2Fwp%2Fv2%2Fcomments&post=491"}],"version-history":[{"count":25,"href":"http:\/\/www.hypnotherapie-heilkunde.de\/index.php?rest_route=\/wp\/v2\/pages\/491\/revisions"}],"predecessor-version":[{"id":721,"href":"http:\/\/www.hypnotherapie-heilkunde.de\/index.php?rest_route=\/wp\/v2\/pages\/491\/revisions\/721"}],"wp:attachment":[{"href":"http:\/\/www.hypnotherapie-heilkunde.de\/index.php?rest_route=%2Fwp%2Fv2%2Fmedia&parent=491"}],"curies":[{"name":"wp","href":"https:\/\/api.w.org\/{rel}","templated":true}]}}